{"id":1445,"date":"2025-11-28T14:38:29","date_gmt":"2025-11-28T14:38:29","guid":{"rendered":"https:\/\/spinaniacasino.com\/app-2\/"},"modified":"2025-12-01T09:12:15","modified_gmt":"2025-12-01T09:12:15","slug":"app","status":"publish","type":"page","link":"https:\/\/spinaniacasino.com\/de\/app\/","title":{"rendered":"App"},"content":{"rendered":"<h1>SpinAnia App<\/h1>\n<p>Die SpinAnia App bietet vollst\u00e4ndigen Zugriff auf unsere Gaming-Plattform \u00fcber mobile Ger\u00e4te und erm\u00f6glicht es den Spielern, Casinounterhaltung jederzeit zu genie\u00dfen. Dank der Progressive-Web-App-Technologie (PWA) funktioniert sie direkt \u00fcber einen mobilen Browser, ohne dass eine Installation aus dem Google Play Store oder dem App Store erforderlich ist. Updates erfolgen automatisch und werden serverseitig verwaltet, wodurch sichergestellt wird, dass die Spieler stets die neueste Version verwenden. Dieses System kombiniert die Vorteile nativer Anwendungen mit der Flexibilit\u00e4t und Geschwindigkeit einer webbasierten Plattform. Benutzer k\u00f6nnen Einzahlungen, Auszahlungen, Kontoverifizierung und den Zugriff auf den Live-Chat-Support \u2013 alles innerhalb einer einzigen Benutzeroberfl\u00e4che \u2013 durchf\u00fchren.<\/p>\n<div class=\"banner-wrap\" aria-label=\"Banner\"><img src=\"https:\/\/spinaniacasino.com\/wp-content\/uploads\/2025\/11\/Spinania-Banner-Desktop.webp\" class=\"w-100 d-none d-lg-block img-pc main-banner-img\" alt=\"Spinania Banner Desktop\" fetchpriority=\"high\" decoding=\"async\"><img src=\"https:\/\/spinaniacasino.com\/wp-content\/uploads\/2025\/11\/Spinania-mobile-banner-1.webp\" class=\"w-100 d-none d-md-block d-lg-none main-banner-img\" alt=\"Spinania mobile banner\" fetchpriority=\"high\" decoding=\"async\"><img src=\"https:\/\/spinaniacasino.com\/wp-content\/uploads\/2025\/11\/Spinania-mobile-banner-1.webp\" class=\"w-100 d-md-none\" alt=\"Spinania mobile banner\" fetchpriority=\"high\" decoding=\"async\"><div class=\"banner-description\">\n<div class=\"banner-title\">Willkommensboni<\/div>\n<p class=\"banner-header-title\">1500 \u20ac<\/p>\n<div class=\"banner-header-AdditionalText\">+ 250 Freispiele<\/div>\n<button data-item=\"homepage_banner_link\" class=\"goto m-button m-gradient-border m-button--primary m-button--large banner-button btn-orange\">\n            <div class=\"m-button-content\">\n                <span>Jetzt anmelden<\/span>\n                <span><\/span>\n            <\/div>\n        <\/button>\n<\/div>\n<div class=\"WelcomePack\">\n<p><img loading=\"lazy\" decoding=\"async\" class=\"alignnone size-full wp-image-1344\" src=\"https:\/\/spinaniacasino.com\/wp-content\/uploads\/2025\/11\/welcome-crown.svg\" alt=\"crown\" width=\"25\" height=\"26\" \/><\/p>\n<div class=\"WelcomePack-Info\">W\u00f6chentlicher Cashback von bis zu 25 %<\/div>\n<p><img loading=\"lazy\" decoding=\"async\" class=\"alignnone size-full wp-image-1344\" src=\"https:\/\/spinaniacasino.com\/wp-content\/uploads\/2025\/11\/welcome-crown.svg\" alt=\"crown\" width=\"25\" height=\"26\" \/><\/p>\n<\/div>\n<\/div>\n<h2>SpinAnia App Funktionen<\/h2>\n<p>Die mobile Version von SpinAnia Casino ist so konzipiert, dass sie ein reibungsloses, reaktionsschnelles und immersives Gameplay auf Smartphones und Tablets bietet. Im Vergleich zur Desktop-Version bietet die App eine gr\u00f6\u00dfere Flexibilit\u00e4t, sodass Benutzer spielen k\u00f6nnen, w\u00e4hrend sie unterwegs sind, sich zu Hause entspannen oder w\u00e4hrend einer Pause. Ihre intuitive Touch-Benutzeroberfl\u00e4che reagiert sofort auf Gesten und erm\u00f6glicht eine einfache Navigation durch Wischen und Tippen. Men\u00fcs, Kategorien und Guthabenbereiche sind f\u00fcr kleine Bildschirme optimiert, sodass die Spieler ihre Lieblingsspiele in Sekundenschnelle finden k\u00f6nnen. Push-Benachrichtigungen informieren die Spieler \u00fcber neue Aktionen, Top-Slots, Bonusangebote und Turnieraktualisierungen, sobald die App dem Startbildschirm hinzugef\u00fcgt wurde. Das PWA-Format erm\u00f6glicht eine automatische Inhaltsynchronisierung, wodurch ein konsistentes Erlebnis auf allen Ger\u00e4ten gew\u00e4hrleistet wird, die mit demselben Konto angemeldet sind.<\/p>\n<p>Das mobile Casino-Erlebnis unterscheidet sich leicht vom Spielen auf einem PC. Kompakte Bildschirmlayouts zeigen wichtige Steuerungen, Einsatzoptionen und Guthabeninformationen in vereinfachten Formaten an. W\u00e4hrend dies die Navigation beschleunigt, kann es die Anzeigefl\u00e4che f\u00fcr komplexe Live-Dealer-Spiele einschr\u00e4nken. Der Batterieverbrauch und die Verbindungsstabilit\u00e4t sind zus\u00e4tzliche Faktoren, die bei l\u00e4ngeren Sitzungen ber\u00fccksichtigt werden sollten \u2013 insbesondere beim Streamen von Live-Casino-Spielen in hoher Aufl\u00f6sung. Dennoch bieten moderne mobile Ger\u00e4te eine hervorragende Leistung mit geringer Latenz und fl\u00fcssigen Animationen.<\/p>\n<p>F\u00fcr die meisten Benutzer ist der mobile Zugriff die bevorzugte M\u00f6glichkeit zu spielen. Die SpinAnia App bietet eine leichte, zuverl\u00e4ssige Alternative zur Desktop-Version, die Anmeldungen, Zahlungen und das Spielen von \u00fcberall aus erm\u00f6glicht. Die optimierte PWA-Technologie gew\u00e4hrleistet schnelle Ladezeiten, geringen Speicherverbrauch und sofortige Updates. Inzwischen bleibt die Desktop-Version ideal f\u00fcr Spieler, die gr\u00f6\u00dfere Bildschirme oder l\u00e4ngere Spielsitzungen bevorzugen.<\/p>\n<table>\n<tbody>\n<tr>\n<td>Funktion<\/td>\n<td>Vorteile mobiler Ger\u00e4te<\/td>\n<td>Vorteile von Desktop-Computern<\/td>\n<\/tr>\n<tr>\n<td>Zugriff und Flexibilit\u00e4t<\/td>\n<td>Spielen Sie \u00fcberall, keine Ger\u00e4tebeschr\u00e4nkungen<\/td>\n<td>Stabile Leistung f\u00fcr l\u00e4ngere Spielsitzungen<\/td>\n<\/tr>\n<tr>\n<td>Leistung<\/td>\n<td>Schnelles Laden durch PWA-Optimierung<\/td>\n<td>Konstante Grafikqualit\u00e4t f\u00fcr l\u00e4ngere Spielzeiten<\/td>\n<\/tr>\n<tr>\n<td>Anmeldevorgang<\/td>\n<td>Gespeicherte Anmeldeinformationen f\u00fcr sofortigen Zugriff<\/td>\n<td>Mehrere Fenster f\u00fcr gleichzeitige Aktivit\u00e4ten<\/td>\n<\/tr>\n<tr>\n<td>Dokument-Upload<\/td>\n<td>Kamera unterst\u00fctzt sofortige Verifizierungsfotos<\/td>\n<td>Gro\u00dfe Bildschirme erleichtern die \u00dcberpr\u00fcfung von Dokumenten<\/td>\n<\/tr>\n<tr>\n<td>Benutzeroberfl\u00e4che<\/td>\n<td>Touchfreundliche Steuerung f\u00fcr einfache Navigation<\/td>\n<td>Tastatur erm\u00f6glicht pr\u00e4zise Eingaben und schnelleres Chatten<\/td>\n<\/tr>\n<\/tbody>\n<\/table>\n<p><div style=\"clear: both\"><\/div><div class=\"d-flex justify-content-center\"><button data-item=\"decouvrez_link\" data-group=\"website_links\" class=\"goto fw-bold rounded-pill btn btn-orange\" aria-label=\"Laden Sie die Spinania-App herunter\" >Laden Sie die Spinania-App herunter<\/button><\/div><div class=\"scrollable-content-wrap my-5\"><div class=\"scrollable-content-inner\"><h2>SpinAnia App f\u00fcr Android<\/h2>\n<p>Android-Benutzer k\u00f6nnen \u00fcber Chrome, Firefox oder einen modernen Browser direkt auf SpinAnia Casino zugreifen \u2013 ein Download aus dem Google Play Store ist nicht erforderlich. Die Progressive-Web-App-Technologie (PWA) der Plattform bietet volle Funktionalit\u00e4t direkt im Browser und kann f\u00fcr den Zugriff mit einem Fingertipp dem Startbildschirm hinzugef\u00fcgt werden. Diese Methode umgeht App-Store-Beschr\u00e4nkungen und erm\u00f6glicht automatische Updates bei jedem Besuch, wodurch sichergestellt wird, dass das System stets auf dem neuesten Stand ist.<\/p>\n<h3>SpinAnia APK<\/h3>\n<p>Viele Android-Benutzer sind mit herk\u00f6mmlichen APK-Installationen vertraut, aber SpinAnia Casino verwendet einen modernen Ansatz. Anstatt gro\u00dfe APK-Dateien herunterzuladen, bietet die PWA alle Funktionen einer nativen App, ohne dass eine manuelle Installation oder Sicherheitsrisiken erforderlich sind. Spieler m\u00fcssen lediglich die offizielle Website von SpinAnia Casino \u00fcber einen unterst\u00fctzten Browser \u00f6ffnen, und das System erkennt die PWA automatisch und bietet die Option \u201eZum Startbildschirm hinzuf\u00fcgen\u201c an. Diese Methode macht Speicherplatz \u00fcberfl\u00fcssig, verhindert veraltete Versionen und gew\u00e4hrleistet sichere Updates direkt von unseren Servern.<\/p>\n<p>So installieren Sie die SpinAnia App (Android):<\/p>\n<ol>\n<li>\u00d6ffnen Sie die offizielle Website von SpinAnia Casino in Ihrem mobilen Browser.<\/li>\n<li>Warten Sie, bis die Seite vollst\u00e4ndig geladen ist.<\/li>\n<li>W\u00e4hlen Sie im Browsermen\u00fc \u201eZum Startbildschirm hinzuf\u00fcgen\u201c oder \u201eApp installieren\u201c.<\/li>\n<\/ol>\n<p>Best\u00e4tigen Sie, und das App-Symbol erscheint auf Ihrem Startbildschirm \u2013 bereit f\u00fcr den sofortigen Zugriff.<br \/>\nDieser Prozess erh\u00f6ht die Sicherheit und garantiert, dass alle Updates und Konfigurationen automatisch durchgef\u00fchrt werden. Da keine Installationsdateien von Drittanbietern erforderlich sind, k\u00f6nnen Benutzer das volle Erlebnis sicher und effizient genie\u00dfen.<\/p>\n<p><img loading=\"lazy\" decoding=\"async\" src=\"https:\/\/spinaniacasino.com\/wp-content\/uploads\/2025\/11\/Spinania-Android-App.webp\" alt=\"Spinania Android App\" width=\"1248\" height=\"536\" \/><\/p>\n<\/div><\/div><div style=\"clear: both\"><\/div><div class=\"d-flex justify-content-center\"><button data-item=\"decouvrez_link\" data-group=\"website_links\" class=\"goto fw-bold rounded-pill btn btn-orange\" aria-label=\"Spinania herunterladen\" >Spinania herunterladen<\/button><\/div><div class=\"scrollable-content-wrap my-5\"><div class=\"scrollable-content-inner\"><h2>SpinAnia App f\u00fcr iOS<\/h2>\n<p>iOS-Benutzer k\u00f6nnen \u00fcber den Safari-Browser auf SpinAnia Casino zugreifen, da Apple Progressive Web Apps unterst\u00fctzt. Funktionalit\u00e4t und Design sind identisch mit der Android-Version und erm\u00f6glichen nahtlose Navigation, sofortige Einzahlungen und den Zugriff auf alle Spielkategorien. Sobald sie dem Startbildschirm hinzugef\u00fcgt wurde, verh\u00e4lt sich die App wie eine native iPhone- oder iPad-Anwendung. Alle SpinAnia Casino-Spiele, einschlie\u00dflich Slots, Live-Casino, Tischspiele und Crash-Games, laufen reibungslos auf iOS-Ger\u00e4ten. Die Grafikleistung ist hervorragend, mit minimaler Verz\u00f6gerung und stabilen Bildraten, selbst bei HD-Livestreams. Die Verifizierung wird durch die fortschrittliche Kamera des iPhones vereinfacht, die den direkten Upload von Ausweisdokumenten w\u00e4hrend der Kontoerstellung erm\u00f6glicht.<\/p>\n<p>Die aktuelle Richtlinie von Apple schr\u00e4nkt Push-Benachrichtigungen f\u00fcr PWAs ein, was bedeutet, dass Benutzer die App \u00f6ffnen m\u00fcssen, um neue Aktionen zu \u00fcberpr\u00fcfen. Abgesehen davon bleibt das mobile Erlebnis vollst\u00e4ndig mit den Android- und Desktop-Versionen synchronisiert und bietet dieselben Boni, Guthaben und Kontodaten.<\/p>\n<p><img loading=\"lazy\" decoding=\"async\" src=\"https:\/\/spinaniacasino.com\/wp-content\/uploads\/2025\/11\/Spinania-iOS-App.webp\" alt=\"Spinania iOS App\" width=\"1248\" height=\"536\" \/><\/p>\n<\/div><\/div><div style=\"clear: both\"><\/div><div class=\"d-flex justify-content-center\"><button data-item=\"decouvrez_link\" data-group=\"website_links\" class=\"goto fw-bold rounded-pill btn btn-orange\" aria-label=\"Laden Sie die Spinania-App herunter\" >Laden Sie die Spinania-App herunter<\/button><\/div><div class=\"scrollable-content-wrap my-5\"><div class=\"scrollable-content-inner\"><h2>SpinAnia Casino App \u2013 Desktop-Version<\/h2>\n<p>Die Desktop-Version von SpinAnia Casino bleibt die bevorzugte Wahl f\u00fcr Spieler, die l\u00e4ngere Sitzungen oder Multitasking planen. Gr\u00f6\u00dfere Bildschirme bieten mehr Sichtbarkeit f\u00fcr detaillierte Spielstatistiken, Einsatzoptionen und Interaktionen mit Live-Dealern. Maus- und Tastatursteuerung bieten Pr\u00e4zision f\u00fcr Tischspiele und Chat-Kommunikation. Desktop-Systeme, einschlie\u00dflich Windows, macOS und Linux, werden \u00fcber moderne Browser wie Chrome, Safari und Firefox unterst\u00fctzt. Kabelgebundene Verbindungen gew\u00e4hrleisten stabile Leistung f\u00fcr HD-Streaming und Echtzeit-Gaming. Multi-Monitor-Setups erm\u00f6glichen es den Spielern, mehrere Spiele, Turniere oder Bestenlisten gleichzeitig zu verfolgen \u2013 ideal f\u00fcr wettbewerbsorientierte Spieler. W\u00e4hrend die Desktop-Version h\u00f6here Grafikaufl\u00f6sungen und fl\u00fcssigere Animationen f\u00fcr anspruchsvollere Titel unterst\u00fctzt, teilen Desktop- und Mobilversion dieselben Spielmechaniken, RTP-Werte und RNG-Fairness.<\/p>\n<p><img loading=\"lazy\" decoding=\"async\" src=\"https:\/\/spinaniacasino.com\/wp-content\/uploads\/2025\/11\/Spinania-Desktop.webp\" alt=\"Spinania Desktop\" width=\"1248\" height=\"536\" \/><\/p>\n<\/div><\/div><div style=\"clear: both\"><\/div><div class=\"d-flex justify-content-center\"><button data-item=\"decouvrez_link\" data-group=\"website_links\" class=\"goto fw-bold rounded-pill btn btn-orange\" aria-label=\"Spinania herunterladen\" >Spinania herunterladen<\/button><\/div><div class=\"scrollable-content-wrap my-5\"><div class=\"scrollable-content-inner\"><h3>Unterst\u00fctzte Tablet-Version<\/h3>\n<p>Die SpinAnia App ist vollst\u00e4ndig mit Tablets kompatibel und \u00fcberbr\u00fcckt die L\u00fccke zwischen Desktop- und Mobil-Erlebnissen. Das responsive Design passt sich automatisch an verschiedene Bildschirmgr\u00f6\u00dfen an, in der Regel zwischen 7 und 13 Zoll, und bietet optimierte Layouts sowohl f\u00fcr Gelegenheitsspieler als auch f\u00fcr erfahrene Spieler. Tablets kombinieren Tragbarkeit mit gr\u00f6\u00dferem Bildschirmraum und erm\u00f6glichen ein komfortables Spielen von Slots, Top-Slots und Live-Dealer-Spielen. Spieler profitieren von klareren Visuals und l\u00e4ngerer Akkulaufzeit im Vergleich zu Smartphones, w\u00e4hrend sie weiterhin die Touch-basierte Steuerung f\u00fcr eine intuitive Interaktion genie\u00dfen.<\/p>\n<p><img loading=\"lazy\" decoding=\"async\" src=\"https:\/\/spinaniacasino.com\/wp-content\/uploads\/2025\/11\/Spinania-Tablet.webp\" alt=\"Spinania Tablet\" width=\"1248\" height=\"536\" \/><\/p>\n<\/div><\/div><div style=\"clear: both\"><\/div><div class=\"d-flex justify-content-center\"><button data-item=\"decouvrez_link\" data-group=\"website_links\" class=\"goto fw-bold rounded-pill btn btn-orange\" aria-label=\"Laden Sie die Spinania-App herunter\" >Laden Sie die Spinania-App herunter<\/button><\/div><div class=\"scrollable-content-wrap my-5\"><div class=\"scrollable-content-inner\"><h2>Sicherheit und Fair Play<\/h2>\n<p>Unabh\u00e4ngig vom verwendeten Ger\u00e4t h\u00e4lt SpinAnia Casino dieselben strengen Sicherheitsstandards ein. Alle Daten\u00fcbertragungen zwischen Benutzer und Server sind durch SSL-Verschl\u00fcsselung gesch\u00fctzt, und Transaktionen werden \u00fcber verifizierte Zahlungssysteme verarbeitet. Das Verifizierungsverfahren ist plattform\u00fcbergreifend einheitlich und erm\u00f6glicht die Identit\u00e4tsbest\u00e4tigung entweder \u00fcber die mobile Kamera oder \u00fcber den Datei-Upload auf dem Desktop. Alle Spiele auf SpinAnia Casino sind plattform\u00fcbergreifend und verwenden identische Zufallszahlengeneratoren (RNGs), um gleiche Fairness und konstante RTP-Werte zu gew\u00e4hrleisten. Benutzerdaten werden gem\u00e4\u00df den internationalen Datenschutzbestimmungen verarbeitet. Die Plattform ist lizenziert und wird regelm\u00e4\u00dfig \u00fcberpr\u00fcft, um Transparenz und faires Spielen sicherzustellen.<\/p>\n<h2>FAQ<\/h2>\n<h3>Ist die App f\u00fcr Android und iOS verf\u00fcgbar?<\/h3>\n<p>Ja, die SpinAnia App funktioniert perfekt auf beiden Ger\u00e4ten \u2013 Android und iOS \u2013 \u00fcber die Progressive-Web-App-Version (PWA). Sie kann direkt aus dem Browser dem Startbildschirm hinzugef\u00fcgt und wie eine native App verwendet werden.<\/p>\n<h3>Ist die Anwendung sicher und gesch\u00fctzt?<\/h3>\n<p>Ja, SpinAnia Casino verwendet SSL-Verschl\u00fcsselung und fortschrittliche Sicherheitsprotokolle auf allen Plattformen. Die PWA-Struktur macht externe Downloads \u00fcberfl\u00fcssig und stellt sicher, dass jede Sitzung gesch\u00fctzt bleibt.<\/p>\n<h3>Wie kann ich den Support \u00fcber die App kontaktieren?<\/h3>\n<p>Spieler k\u00f6nnen den 24\/7-Live-Chat-Support direkt \u00fcber die App-Oberfl\u00e4che erreichen. E-Mail-Support ist ebenfalls f\u00fcr Fragen zur Verifizierung, zu Zahlungen oder zu Konten verf\u00fcgbar.<\/p>\n<h3>Ist die App f\u00fcr Tablets optimiert?<\/h3>\n<p>Ja. Die App passt sich automatisch an die Bildschirmaufl\u00f6sungen und -orientierungen von Tablets an und bietet ein ideales Gleichgewicht zwischen Smartphone-Komfort und Desktop-Sichtbarkeit.<\/p>\n<\/div><\/div><\/p>\n","protected":false},"excerpt":{"rendered":"<p>SpinAnia App Die SpinAnia App bietet vollst\u00e4ndigen Zugriff auf unsere Gaming-Plattform \u00fcber mobile Ger\u00e4te und erm\u00f6glicht es den Spielern, Casinounterhaltung jederzeit zu genie\u00dfen. Dank der Progressive-Web-App-Technologie (PWA) funktioniert sie direkt \u00fcber einen mobilen Browser, ohne dass eine Installation aus dem Google Play Store oder dem App Store erforderlich ist. Updates erfolgen automatisch und werden serverseitig [&hellip;]<\/p>\n","protected":false},"author":1,"featured_media":0,"parent":0,"menu_order":0,"comment_status":"closed","ping_status":"closed","template":"template-builder.php","meta":{"_acf_changed":false,"inline_featured_image":false,"footnotes":""},"class_list":["post-1445","page","type-page","status-publish","hentry"],"acf":[],"yoast_head":"<!-- This site is optimized with the Yoast SEO plugin v27.3 - https:\/\/yoast.com\/product\/yoast-seo-wordpress\/ -->\n<title>SpinAnia App f\u00fcr Mobile OS | Download - iOS, Android<\/title>\n<meta name=\"description\" content=\"SpinAnia App \u2013 lade sie auf iOS und Android herunter, um \u00fcberall reibungslos Casinospiele zu genie\u00dfen. Greife auf Slots, Live-Tische und Sofortbelohnungen mit voller Kontosynchronisierung bei Spin Ania zu.\" \/>\n<meta name=\"robots\" content=\"index, follow, max-snippet:-1, max-image-preview:large, max-video-preview:-1\" \/>\n<link rel=\"canonical\" href=\"https:\/\/spinaniacasino.com\/de\/app\/\" \/>\n<meta property=\"og:locale\" content=\"de_DE\" \/>\n<meta property=\"og:type\" content=\"article\" \/>\n<meta property=\"og:title\" content=\"SpinAnia App f\u00fcr Mobile OS | Download - iOS, Android\" \/>\n<meta property=\"og:description\" content=\"SpinAnia App \u2013 lade sie auf iOS und Android herunter, um \u00fcberall reibungslos Casinospiele zu genie\u00dfen. Greife auf Slots, Live-Tische und Sofortbelohnungen mit voller Kontosynchronisierung bei Spin Ania zu.\" \/>\n<meta property=\"og:url\" content=\"https:\/\/spinaniacasino.com\/de\/app\/\" \/>\n<meta property=\"og:site_name\" content=\"spinania\" \/>\n<meta property=\"article:modified_time\" content=\"2025-12-01T09:12:15+00:00\" \/>\n<meta name=\"twitter:card\" content=\"summary_large_image\" \/>\n<meta name=\"twitter:label1\" content=\"Gesch\u00e4tzte Lesezeit\" \/>\n\t<meta name=\"twitter:data1\" content=\"2\u00a0Minuten\" \/>\n<script type=\"application\/ld+json\" class=\"yoast-schema-graph\">{\"@context\":\"https:\\\/\\\/schema.org\",\"@graph\":[{\"@type\":\"WebPage\",\"@id\":\"https:\\\/\\\/spinaniacasino.com\\\/de\\\/app\\\/\",\"url\":\"https:\\\/\\\/spinaniacasino.com\\\/de\\\/app\\\/\",\"name\":\"SpinAnia App f\u00fcr Mobile OS | Download - iOS, Android\",\"isPartOf\":{\"@id\":\"https:\\\/\\\/spinaniacasino.com\\\/de\\\/#website\"},\"datePublished\":\"2025-11-28T14:38:29+00:00\",\"dateModified\":\"2025-12-01T09:12:15+00:00\",\"description\":\"SpinAnia App \u2013 lade sie auf iOS und Android herunter, um \u00fcberall reibungslos Casinospiele zu genie\u00dfen. Greife auf Slots, Live-Tische und Sofortbelohnungen mit voller Kontosynchronisierung bei Spin Ania zu.\",\"breadcrumb\":{\"@id\":\"https:\\\/\\\/spinaniacasino.com\\\/de\\\/app\\\/#breadcrumb\"},\"inLanguage\":\"de\",\"potentialAction\":[{\"@type\":\"ReadAction\",\"target\":[\"https:\\\/\\\/spinaniacasino.com\\\/de\\\/app\\\/\"]}]},{\"@type\":\"BreadcrumbList\",\"@id\":\"https:\\\/\\\/spinaniacasino.com\\\/de\\\/app\\\/#breadcrumb\",\"itemListElement\":[{\"@type\":\"ListItem\",\"position\":1,\"name\":\"Spinania\",\"item\":\"https:\\\/\\\/spinaniacasino.com\\\/de\\\/\"},{\"@type\":\"ListItem\",\"position\":2,\"name\":\"App\"}]},{\"@type\":\"WebSite\",\"@id\":\"https:\\\/\\\/spinaniacasino.com\\\/de\\\/#website\",\"url\":\"https:\\\/\\\/spinaniacasino.com\\\/de\\\/\",\"name\":\"Spinania\",\"description\":\"\",\"publisher\":{\"@id\":\"https:\\\/\\\/spinaniacasino.com\\\/de\\\/#organization\"},\"potentialAction\":[{\"@type\":\"SearchAction\",\"target\":{\"@type\":\"EntryPoint\",\"urlTemplate\":\"https:\\\/\\\/spinaniacasino.com\\\/de\\\/?s={search_term_string}\"},\"query-input\":{\"@type\":\"PropertyValueSpecification\",\"valueRequired\":true,\"valueName\":\"search_term_string\"}}],\"inLanguage\":\"de\"},{\"@type\":\"Organization\",\"@id\":\"https:\\\/\\\/spinaniacasino.com\\\/de\\\/#organization\",\"name\":\"Spinania\",\"url\":\"https:\\\/\\\/spinaniacasino.com\\\/de\\\/\",\"logo\":{\"@type\":\"ImageObject\",\"inLanguage\":\"de\",\"@id\":\"https:\\\/\\\/spinaniacasino.com\\\/de\\\/#\\\/schema\\\/logo\\\/image\\\/\",\"url\":\"https:\\\/\\\/spinaniacasino.com\\\/wp-content\\\/uploads\\\/2025\\\/11\\\/Casino-logo-Desktop.png\",\"contentUrl\":\"https:\\\/\\\/spinaniacasino.com\\\/wp-content\\\/uploads\\\/2025\\\/11\\\/Casino-logo-Desktop.png\",\"width\":88,\"height\":26,\"caption\":\"Spinania\"},\"image\":{\"@id\":\"https:\\\/\\\/spinaniacasino.com\\\/de\\\/#\\\/schema\\\/logo\\\/image\\\/\"}}]}<\/script>\n<!-- \/ Yoast SEO plugin. -->","yoast_head_json":{"title":"SpinAnia App f\u00fcr Mobile OS | Download - iOS, Android","description":"SpinAnia App \u2013 lade sie auf iOS und Android herunter, um \u00fcberall reibungslos Casinospiele zu genie\u00dfen. Greife auf Slots, Live-Tische und Sofortbelohnungen mit voller Kontosynchronisierung bei Spin Ania zu.","robots":{"index":"index","follow":"follow","max-snippet":"max-snippet:-1","max-image-preview":"max-image-preview:large","max-video-preview":"max-video-preview:-1"},"canonical":"https:\/\/spinaniacasino.com\/de\/app\/","og_locale":"de_DE","og_type":"article","og_title":"SpinAnia App f\u00fcr Mobile OS | Download - iOS, Android","og_description":"SpinAnia App \u2013 lade sie auf iOS und Android herunter, um \u00fcberall reibungslos Casinospiele zu genie\u00dfen. Greife auf Slots, Live-Tische und Sofortbelohnungen mit voller Kontosynchronisierung bei Spin Ania zu.","og_url":"https:\/\/spinaniacasino.com\/de\/app\/","og_site_name":"spinania","article_modified_time":"2025-12-01T09:12:15+00:00","twitter_card":"summary_large_image","twitter_misc":{"Gesch\u00e4tzte Lesezeit":"2\u00a0Minuten"},"schema":{"@context":"https:\/\/schema.org","@graph":[{"@type":"WebPage","@id":"https:\/\/spinaniacasino.com\/de\/app\/","url":"https:\/\/spinaniacasino.com\/de\/app\/","name":"SpinAnia App f\u00fcr Mobile OS | Download - iOS, Android","isPartOf":{"@id":"https:\/\/spinaniacasino.com\/de\/#website"},"datePublished":"2025-11-28T14:38:29+00:00","dateModified":"2025-12-01T09:12:15+00:00","description":"SpinAnia App \u2013 lade sie auf iOS und Android herunter, um \u00fcberall reibungslos Casinospiele zu genie\u00dfen. Greife auf Slots, Live-Tische und Sofortbelohnungen mit voller Kontosynchronisierung bei Spin Ania zu.","breadcrumb":{"@id":"https:\/\/spinaniacasino.com\/de\/app\/#breadcrumb"},"inLanguage":"de","potentialAction":[{"@type":"ReadAction","target":["https:\/\/spinaniacasino.com\/de\/app\/"]}]},{"@type":"BreadcrumbList","@id":"https:\/\/spinaniacasino.com\/de\/app\/#breadcrumb","itemListElement":[{"@type":"ListItem","position":1,"name":"Spinania","item":"https:\/\/spinaniacasino.com\/de\/"},{"@type":"ListItem","position":2,"name":"App"}]},{"@type":"WebSite","@id":"https:\/\/spinaniacasino.com\/de\/#website","url":"https:\/\/spinaniacasino.com\/de\/","name":"Spinania","description":"","publisher":{"@id":"https:\/\/spinaniacasino.com\/de\/#organization"},"potentialAction":[{"@type":"SearchAction","target":{"@type":"EntryPoint","urlTemplate":"https:\/\/spinaniacasino.com\/de\/?s={search_term_string}"},"query-input":{"@type":"PropertyValueSpecification","valueRequired":true,"valueName":"search_term_string"}}],"inLanguage":"de"},{"@type":"Organization","@id":"https:\/\/spinaniacasino.com\/de\/#organization","name":"Spinania","url":"https:\/\/spinaniacasino.com\/de\/","logo":{"@type":"ImageObject","inLanguage":"de","@id":"https:\/\/spinaniacasino.com\/de\/#\/schema\/logo\/image\/","url":"https:\/\/spinaniacasino.com\/wp-content\/uploads\/2025\/11\/Casino-logo-Desktop.png","contentUrl":"https:\/\/spinaniacasino.com\/wp-content\/uploads\/2025\/11\/Casino-logo-Desktop.png","width":88,"height":26,"caption":"Spinania"},"image":{"@id":"https:\/\/spinaniacasino.com\/de\/#\/schema\/logo\/image\/"}}]}},"_links":{"self":[{"href":"https:\/\/spinaniacasino.com\/de\/wp-json\/wp\/v2\/pages\/1445","targetHints":{"allow":["GET"]}}],"collection":[{"href":"https:\/\/spinaniacasino.com\/de\/wp-json\/wp\/v2\/pages"}],"about":[{"href":"https:\/\/spinaniacasino.com\/de\/wp-json\/wp\/v2\/types\/page"}],"author":[{"embeddable":true,"href":"https:\/\/spinaniacasino.com\/de\/wp-json\/wp\/v2\/users\/1"}],"replies":[{"embeddable":true,"href":"https:\/\/spinaniacasino.com\/de\/wp-json\/wp\/v2\/comments?post=1445"}],"version-history":[{"count":2,"href":"https:\/\/spinaniacasino.com\/de\/wp-json\/wp\/v2\/pages\/1445\/revisions"}],"predecessor-version":[{"id":1677,"href":"https:\/\/spinaniacasino.com\/de\/wp-json\/wp\/v2\/pages\/1445\/revisions\/1677"}],"wp:attachment":[{"href":"https:\/\/spinaniacasino.com\/de\/wp-json\/wp\/v2\/media?parent=1445"}],"curies":[{"name":"wp","href":"https:\/\/api.w.org\/{rel}","templated":true}]}}